{"id":455,"date":"2019-10-09T18:41:51","date_gmt":"2019-10-09T14:41:51","guid":{"rendered":"http:\/\/megaprim.md\/?page_id=455"},"modified":"2019-10-09T19:03:01","modified_gmt":"2019-10-09T15:03:01","slug":"aviz","status":"publish","type":"page","link":"https:\/\/megaprim.md\/?page_id=455","title":{"rendered":"\u041e\u0431\u044a\u044f\u0432\u043b\u0435\u043d\u0438\u0435 \/ Aviz"},"content":{"rendered":"\n<p><em><strong>09\/10\/2019<\/strong><\/em><\/p>\n\n\n\n<p style=\"text-align:left\" class=\"has-text-color has-background has-normal-font-size has-very-light-gray-color has-vivid-red-background-color\">Prin prezentul comunicat aducem la cuno\u0219tin\u021b\u0103 faptul c\u0103 la data de <strong>02 octombrie 2019<\/strong> a avut loc \u0219edin\u021ba Consiliului societ\u0103\u021bii \u00een cadrul c\u0103reia a fost luat\u0103\u00a0<strong><a rel=\"noreferrer noopener\" aria-label=\" (opens in a new tab)\" href=\"https:\/\/megaprim.md\/wp-content\/uploads\/2019\/10\/AVIZ.pdf\" target=\"_blank\">Decizia privind retragerea Societatii de pe MTF<\/a><\/strong>\u00a0(Sistemul multilateral de tranzac\u0163ionare al Bursei de Valori a Moldovei). <\/p>\n\n\n\n<p><\/p>\n","protected":false},"excerpt":{"rendered":"<p>09\/10\/2019 Prin prezentul comunicat aducem la cuno\u0219tin\u021b\u0103 faptul c\u0103 la data de 02 octombrie 2019 a avut loc \u0219edin\u021ba Consiliului societ\u0103\u021bii \u00een cadrul c\u0103reia a fost luat\u0103\u00a0Decizia privind retragerea Societatii de pe MTF\u00a0(Sistemul multilateral de tranzac\u0163ionare al Bursei de Valori a Moldovei).<\/p>\n","protected":false},"author":1,"featured_media":0,"parent":84,"menu_order":0,"comment_status":"closed","ping_status":"closed","template":"","meta":{"footnotes":""},"class_list":["post-455","page","type-page","status-publish","hentry"],"_links":{"self":[{"href":"https:\/\/megaprim.md\/index.php?rest_route=\/wp\/v2\/pages\/455","targetHints":{"allow":["GET"]}}],"collection":[{"href":"https:\/\/megaprim.md\/index.php?rest_route=\/wp\/v2\/pages"}],"about":[{"href":"https:\/\/megaprim.md\/index.php?rest_route=\/wp\/v2\/types\/page"}],"author":[{"embeddable":true,"href":"https:\/\/megaprim.md\/index.php?rest_route=\/wp\/v2\/users\/1"}],"replies":[{"embeddable":true,"href":"https:\/\/megaprim.md\/index.php?rest_route=%2Fwp%2Fv2%2Fcomments&post=455"}],"version-history":[{"count":9,"href":"https:\/\/megaprim.md\/index.php?rest_route=\/wp\/v2\/pages\/455\/revisions"}],"predecessor-version":[{"id":466,"href":"https:\/\/megaprim.md\/index.php?rest_route=\/wp\/v2\/pages\/455\/revisions\/466"}],"up":[{"embeddable":true,"href":"https:\/\/megaprim.md\/index.php?rest_route=\/wp\/v2\/pages\/84"}],"wp:attachment":[{"href":"https:\/\/megaprim.md\/index.php?rest_route=%2Fwp%2Fv2%2Fmedia&parent=455"}],"curies":[{"name":"wp","href":"https:\/\/api.w.org\/{rel}","templated":true}]}}